{"id":63,"date":"2017-01-14T16:01:34","date_gmt":"2017-01-14T15:01:34","guid":{"rendered":"http:\/\/www.oxobrescia.it\/public\/?page_id=63"},"modified":"2017-01-19T18:52:28","modified_gmt":"2017-01-19T17:52:28","slug":"stigmatico","status":"publish","type":"page","link":"https:\/\/www.oxobrescia.it\/public\/stigmatico\/","title":{"rendered":"Astigmatico"},"content":{"rendered":"<div class=\"container-12\">\n<div class=\"grid-12\">\n<div id=\"main\" class=\"main clearfix\">\n<div id=\"content\" class=\"content content-main \">\n<p>Le cause dell&#8217;astigmatismo<\/p>\n<div class=\"region region-content\">\n<div id=\"block-system-main\" class=\"block-system-main block block-system block-odd\">\n<div class=\"content block-content\">\n<div id=\"node-163\" class=\"node node-difetti node-odd published with-comments node-full clearfix node-163\">\n<div class=\"content node-content\">\n<div class=\"field field-name-body field-type-text-with-summary field-label-hidden\">\n<div class=\"field-items\">\n<div class=\"field-item even\">\n<p>La causa pi\u00f9 frequente della visione sdoppiata tipica dell&#8217;astigmatismo \u00e8 una diversa curvatura della cornea, la pi\u00f9 esterna dell\u2019occhio. La cornea, perfettamente trasparente, ha di solito la forma di un pallone da calcio, ma nell\u2019astigmatico appare allungata come una palla da rugby.<\/p>\n<div class=\"rtecenter\"><img decoding=\"async\" src=\"http:\/\/www.oxoitalia.com\/sites\/default\/files\/1_astigmatismo.jpg\" \/><\/div>\n<p>Bastano deformazioni veramente minime della curvatura della cornea, non evidenti a occhio nudo, ma solo con gli apparecchi di precisione per causare una visione non ottimale. Ecco come un&#8217;astigmatico vedrebbe le lettere dell\u2019ottotipo (la tabella usata per effettuare il controllo visivo): linee verticali piuttosto che orizzontali confuse e indistinte.<\/p>\n<div class=\"rtecenter\"><img decoding=\"async\" src=\"http:\/\/www.oxoitalia.com\/sites\/default\/files\/2_astigmatismo.png\" \/><\/div>\n<div class=\"oxo_titolo\">Perch\u00e9 il mondo degli astigmatici \u00e8 un mondo dai contorni indistinti e dettagli confusi?<\/div>\n<p>La responsabilit\u00e0 \u00e8 tutta della cornea. La cornea \u00e8 la sottile membrana perfettamente trasparente che protegge l\u2019occhio, ma \u00e8 soprattutto una lente rigida che, in collaborazione con la lente morbida situata dietro l\u2019iride capace di modificarsi in modo istantaneo, il cristallino, consente la messa a fuoco momento per momento degli oggetti vicini e lontani. Tutto avviene in modo automatico e infallibile: molto pi\u00f9 rapido rispetto a qualsiasi macchina fotografica. Insomma, cornea e cristallino formano un sofisticatissimo sistema integrato di continua messa a fuoco di ci\u00f2 che vediamo. La cornea dell&#8217;astigmatico ha una forma leggermente irregolare e per questo motivo non mette pi\u00f9 a fuoco le immagini in un unico punto della retina (la pellicola fotografica dell\u2019occhio) come accade normalmente, ma in pi\u00f9 punti. Le immagini vicine e lontane appaiono per questo motivo sdoppiate e senza limiti netti.<\/p>\n<div class=\"rtecenter\"><img decoding=\"async\" src=\"http:\/\/www.oxoitalia.com\/sites\/default\/files\/oxo_astigmatismo6.jpg\" \/><\/div>\n<div class=\"oxo_titolo\">Molti non sanno di essere astigmatici<\/div>\n<p>Per\u00f2 l\u2019astigmatismo colpisce XYZ e gli astigmatismi non corretti con occhiali o lenti a contatto sono quasi la met\u00e0 di tutti gli errori di refrazione non corretti (gli altri errori di rifrazione sono la miopia e l\u2019ipermetropia). Eppure potrebbe bastare un controllo visivo di un Ottico-Optometrista o di un Oftalmologo per scoprirlo.<\/p>\n<div class=\"rtecenter\"><img decoding=\"async\" src=\"http:\/\/www.oxoitalia.com\/sites\/default\/files\/4_astigmatismo.jpg\" \/><\/div>\n<div class=\"oxo_titolo\">Pensi di essere astigmatico e tu non lo sai<\/div>\n<p>Gioca con noi. Osserva la stella con un occhio per volta: ti sembra che i raggi della stella abbiano tutti lo stesso spessore e siano azzurri e nitidi allo stesso modo? Se i raggi della stella ti sembrano tutti uguali non c\u2019\u00e8 astigmatismo.<\/p>\n<div class=\"rtecenter\"><img decoding=\"async\" src=\"http:\/\/www.oxoitalia.com\/sites\/default\/files\/5_astigmatismo.jpg\" \/><\/div>\n<p>Se c\u2019\u00e8 astigmatismo, ruotando il capo vedrai spostarsi i raggi che ti appaiono nitidi.<\/p>\n<div class=\"oxo_titolo\">\u00c8 importante individuare precocemente e correggere l\u2019astigmatismo<\/div>\n<p>L\u2019astigmatismo non riconosciuto e corretto non \u00e8 solo un problema di visione indistinta, per quanto fastidiosa. Per esempio, una certa stanchezza e mal di testa, magari accompagnati da bruciore degli occhi, potrebbero essere il segnale di un astigmatismo ancora sconosciuto. Nel caso dei bambini anche lievi astigmatismi non corretti rendono la lettura e l&#8217;apprendimento scolastico pi\u00f9 lento; con ovvie conseguenze sul loro rendimento che potrebbe essere facilmente superato con un semplice controllo della vista.<\/p>\n<div class=\"rtecenter\"><img decoding=\"async\" src=\"http:\/\/www.oxoitalia.com\/sites\/default\/files\/6_astigmatismo.jpg\" \/><\/div>\n<div class=\"oxo_titolo\">L&#8217;Ottico Optometrista alleato del tuo benessere visivo<\/div>\n<p>Quando si sospetta un astigmatismo l\u2019Ottico Optometrista con i suoi sofisticati strumenti pu\u00f2 dimostrare le diverse curvature della cornea e scoprire se esiste anche una miopia o un\u2019ipermetropia, spesso associate all&#8217;astigmatismo. A questo punto l\u2019Ottico Optometrista corregger\u00e0 il difetto visivo con lenti da occhiale o lenti a contatto di forma particolare dette cilindriche o toriche. In tal modo le immagini vengono messe a fuoco in un unico punto e non pi\u00f9 contemporaneamente in punti diversi anche lontani dalla retina.<\/p>\n<div class=\"rtecenter\"><img decoding=\"async\" src=\"http:\/\/www.oxoitalia.com\/sites\/default\/files\/7_astigmatismo.jpg\" \/><\/div>\n<\/div>\n<\/div>\n<\/div>\n<\/div>\n<footer class=\"footer node-footer\"><\/footer>\n<\/div>\n<\/div>\n<\/div>\n<\/div>\n<\/div>\n<\/div>\n<\/div>\n<\/div>\n","protected":false},"excerpt":{"rendered":"<p>Le cause dell&#8217;astigmatismo La causa pi\u00f9 frequente della visione sdoppiata tipica dell&#8217;astigmatismo \u00e8 una diversa curvatura della cornea, la pi\u00f9 esterna dell\u2019occhio. La cornea, perfettamente trasparente, ha di solito la forma di un pallone da calcio, ma nell\u2019astigmatico appare allungata come una palla da rugby. Bastano deformazioni veramente minime della curvatura della cornea, non evidenti [&hellip;]<\/p>\n","protected":false},"author":1,"featured_media":74,"parent":0,"menu_order":0,"comment_status":"closed","ping_status":"closed","template":"","meta":{"footnotes":""},"class_list":["post-63","page","type-page","status-publish","has-post-thumbnail","czr-hentry"],"_links":{"self":[{"href":"https:\/\/www.oxobrescia.it\/public\/wp-json\/wp\/v2\/pages\/63","targetHints":{"allow":["GET"]}}],"collection":[{"href":"https:\/\/www.oxobrescia.it\/public\/wp-json\/wp\/v2\/pages"}],"about":[{"href":"https:\/\/www.oxobrescia.it\/public\/wp-json\/wp\/v2\/types\/page"}],"author":[{"embeddable":true,"href":"https:\/\/www.oxobrescia.it\/public\/wp-json\/wp\/v2\/users\/1"}],"replies":[{"embeddable":true,"href":"https:\/\/www.oxobrescia.it\/public\/wp-json\/wp\/v2\/comments?post=63"}],"version-history":[{"count":3,"href":"https:\/\/www.oxobrescia.it\/public\/wp-json\/wp\/v2\/pages\/63\/revisions"}],"predecessor-version":[{"id":75,"href":"https:\/\/www.oxobrescia.it\/public\/wp-json\/wp\/v2\/pages\/63\/revisions\/75"}],"wp:featuredmedia":[{"embeddable":true,"href":"https:\/\/www.oxobrescia.it\/public\/wp-json\/wp\/v2\/media\/74"}],"wp:attachment":[{"href":"https:\/\/www.oxobrescia.it\/public\/wp-json\/wp\/v2\/media?parent=63"}],"curies":[{"name":"wp","href":"https:\/\/api.w.org\/{rel}","templated":true}]}}