{"id":82,"date":"2017-01-20T11:10:49","date_gmt":"2017-01-20T10:10:49","guid":{"rendered":"http:\/\/www.oxobrescia.it\/public\/?page_id=82"},"modified":"2017-01-20T11:13:25","modified_gmt":"2017-01-20T10:13:25","slug":"miopia","status":"publish","type":"page","link":"https:\/\/www.oxobrescia.it\/public\/miopia\/","title":{"rendered":"Miopia"},"content":{"rendered":"<div class=\"content node-content\">\n<div class=\"field field-name-body field-type-text-with-summary field-label-hidden\">\n<div class=\"field-items\">\n<div class=\"field-item even\">\n<div class=\"oxo_titolo\">L\u2019occhio come \u00e8 fatto<\/div>\n<p>L\u2019occhio \u00e8 composto da una lente pi\u00f9 esterna, la cornea, seguita dall\u2019iride che determina il colore del nostro sguardo e che si apre e restringe come il diaframma della macchina fotografica per regolare il passaggio della luce. Segue pi\u00f9 in profondit\u00e0 il cristallino, una seconda lente trasparente che pu\u00f2 modificare la sua forma per mettere a fuoco le immagini vicine e lontane sulla retina.<\/p>\n<div class=\"rtecenter\"><img decoding=\"async\" src=\"http:\/\/www.oxoitalia.com\/sites\/default\/files\/1_occhio.jpg\" \/><\/div>\n<p>La retina, in realt\u00e0 un piccolo frammento del sistema nervoso dislocato all\u2019esterno del cranio, \u00e8 l\u2019equivalente della pellicola delle tradizionali macchine fotografiche o dei sensori dei moderni apparecchi digitali.<\/p>\n<div class=\"oxo_titolo\">La formazione delle immagini sulla retina<\/div>\n<p>Ti ricordi che le immagini si formano rovesciate all\u2019interno di una camera oscura? \u00c8 un principio fondamentale della fotografia; ma anche il nostro occhio funziona cos\u00ec. Le due lenti, la cornea e il cristallino, mettono a fuoco le immagini sulla retina: anche l\u2019umor vitreo, un gel semisolido che le immagini devono attraversare per raggiungere la retina, \u00e8 perfettamente trasparente (ma non \u00e8 una lente). Il nostro cervello penser\u00e0 poi a \u201craddrizzare\u201d le immagini, perfettamente a fuoco ma rovesciate, che la retina gli invier\u00e0 attraverso il nervo ottico. Tutto questo se le due lenti dell\u2019occhio funzionano a dovere! Perch\u00e9 non sempre questo accade.<\/p>\n<div class=\"rtecenter\"><img decoding=\"async\" src=\"http:\/\/www.oxoitalia.com\/sites\/default\/files\/2_occhio.jpg\" \/><\/div>\n<div class=\"oxo_titolo\">La miopia<\/div>\n<p>Cosa accade se la lunghezza del nostro occhio, \u00e8 maggiore rispetto a quanto dovrebbe essere? La miopia \u00e8 l&#8217;incapacit\u00e0 di mettere a fuoco gli oggetti distanti, la cui causa pi\u00f9 frequente \u00e8 quella di avere un globo oculare di dimensioni di poco superiori alla norma (in media 23,5 mm). Il miope tende a correggere il suo difetto di messa a fuoco strizzando gli occhi. In realt\u00e0, inconsapevolmente, in quel momento tenta di migliorare la messa a fuoco sulla retina degli oggetti lontani. Nei bambini, la miopia potrebbe rendere pi\u00f9 difficoltoso anche il rendimento scolastico.<\/p>\n<div class=\"rtecenter\"><img decoding=\"async\" src=\"http:\/\/www.oxoitalia.com\/sites\/default\/files\/3_come_vede.jpg\" \/><\/div>\n<p>Ecco, per esempio, come un bambino miope vedrebbe i suoi compagni di gioco: bene quelli vicini a lui, indistinti e sfocati quelli pi\u00f9 lontani. E questo accade per almeno 10 milioni di italiani! Perch\u00e9 tutto questo? Se il diametro del globo oculare \u00e8 pi\u00f9 lungo anche solo di poco rispetto al diametro dell\u2019individuo \u201cemmetrope\u201d (con visione normale e non sfocata a qualsiasi distanza), l\u2019immagine lontana \u00e8 messa a fuoco (sempre rovesciata) davanti al fondo dell\u2019occhio e alla retina: proprio come avviene nell\u2019esempio. Pi\u00f9 raramente, una miopia pu\u00f2 anche essere causata da una curvatura della cornea o del cristallino superiori al normale.<\/p>\n<div class=\"rtecenter\"><img decoding=\"async\" src=\"http:\/\/www.oxoitalia.com\/sites\/default\/files\/4_occhio_come_vede.jpg\" \/><\/div>\n<div class=\"oxo_titolo\">\u00c8 importante individuare precocemente e correggere miopia<\/div>\n<p>Il motivo \u00e8 a questo punto evidente! Miopia significa difficolt\u00e0 nella vita quotidiana per adulti e bambini, ma pu\u00f2 significare anche difficolt\u00e0 a scuola e nella maturazione cognitiva per i pi\u00f9 piccoli e problemi nelle attivit\u00e0 di lavoro per gli adulti. Tutto questo impone di individuare e correggere appena possibile questo difetto di visione con l\u2019aiuto di un buon ottico optometrista.<br \/>\nLa correzione della miopia pu\u00f2 avvenire sia con occhiali che con lenti a contatto. In entrambi i casi si usano lenti \u201cnegative\u201d o divergenti di forma concava, che riducono l\u2019eccesso di potere convergente dell\u2019occhio miope.<\/p>\n<div class=\"rtecenter\"><img decoding=\"async\" src=\"http:\/\/www.oxoitalia.com\/sites\/default\/files\/5_miopia.jpg\" \/><\/div>\n<\/div>\n<\/div>\n<\/div>\n<\/div>\n","protected":false},"excerpt":{"rendered":"<p>L\u2019occhio come \u00e8 fatto L\u2019occhio \u00e8 composto da una lente pi\u00f9 esterna, la cornea, seguita dall\u2019iride che determina il colore del nostro sguardo e che si apre e restringe come il diaframma della macchina fotografica per regolare il passaggio della luce. Segue pi\u00f9 in profondit\u00e0 il cristallino, una seconda lente trasparente che pu\u00f2 modificare la [&hellip;]<\/p>\n","protected":false},"author":1,"featured_media":86,"parent":0,"menu_order":0,"comment_status":"closed","ping_status":"closed","template":"","meta":{"footnotes":""},"class_list":["post-82","page","type-page","status-publish","has-post-thumbnail","czr-hentry"],"_links":{"self":[{"href":"https:\/\/www.oxobrescia.it\/public\/wp-json\/wp\/v2\/pages\/82","targetHints":{"allow":["GET"]}}],"collection":[{"href":"https:\/\/www.oxobrescia.it\/public\/wp-json\/wp\/v2\/pages"}],"about":[{"href":"https:\/\/www.oxobrescia.it\/public\/wp-json\/wp\/v2\/types\/page"}],"author":[{"embeddable":true,"href":"https:\/\/www.oxobrescia.it\/public\/wp-json\/wp\/v2\/users\/1"}],"replies":[{"embeddable":true,"href":"https:\/\/www.oxobrescia.it\/public\/wp-json\/wp\/v2\/comments?post=82"}],"version-history":[{"count":1,"href":"https:\/\/www.oxobrescia.it\/public\/wp-json\/wp\/v2\/pages\/82\/revisions"}],"predecessor-version":[{"id":84,"href":"https:\/\/www.oxobrescia.it\/public\/wp-json\/wp\/v2\/pages\/82\/revisions\/84"}],"wp:featuredmedia":[{"embeddable":true,"href":"https:\/\/www.oxobrescia.it\/public\/wp-json\/wp\/v2\/media\/86"}],"wp:attachment":[{"href":"https:\/\/www.oxobrescia.it\/public\/wp-json\/wp\/v2\/media?parent=82"}],"curies":[{"name":"wp","href":"https:\/\/api.w.org\/{rel}","templated":true}]}}